{"id":615,"date":"2023-12-05T11:38:10","date_gmt":"2023-12-05T10:38:10","guid":{"rendered":"https:\/\/fernzugriff.zbmed.de\/?page_id=615"},"modified":"2025-02-04T14:03:26","modified_gmt":"2025-02-04T13:03:26","slug":"impressum","status":"publish","type":"page","link":"https:\/\/fernzugriff.zbmed.de\/en\/impressum\/","title":{"rendered":"Imprint"},"content":{"rendered":"<div data-elementor-type=\"wp-page\" data-elementor-id=\"615\" class=\"elementor elementor-615\" data-elementor-post-type=\"page\">\n\t\t\t\t<div class=\"elementor-element elementor-element-ffe3f59 e-flex e-con-boxed e-con e-parent\" data-id=\"ffe3f59\" data-element_type=\"container\" data-e-type=\"container\">\n\t\t\t\t\t<div class=\"e-con-inner\">\n\t\t\t\t<div class=\"elementor-element elementor-element-b46420c elementor-widget elementor-widget-heading\" data-id=\"b46420c\" data-element_type=\"widget\" data-e-type=\"widget\" data-widget_type=\"heading.default\">\n\t\t\t\t<div class=\"elementor-widget-container\">\n\t\t\t\t\t<h2 class=\"elementor-heading-title elementor-size-default\">Imprint<\/h2>\t\t\t\t<\/div>\n\t\t\t\t<\/div>\n\t\t\t\t<div class=\"elementor-element elementor-element-6c31c27 elementor-widget elementor-widget-text-editor\" data-id=\"6c31c27\" data-element_type=\"widget\" data-e-type=\"widget\" data-widget_type=\"text-editor.default\">\n\t\t\t\t<div class=\"elementor-widget-container\">\n\t\t\t\t\t\t\t\t\t<p>Deutsche Zentralbibliothek f\u00fcr Medizin (ZB MED) \u2013 Informationszentrum Lebenswissenschaften<\/p><p>Gleueler Stra\u00dfe 60<br \/>50931 K\u00f6ln<br \/>Tel.: +49 (0)221 478-5685 (Infocenter)<br \/>E-Mail: <a href=\"mailto:info@zbmed.de\">info@zbmed.de<\/a><\/p><p><strong>Stiftung des \u00f6ffentlichen Rechts<\/strong><br \/>Gef\u00f6rdert durch das Ministerium f\u00fcr Kultur und Wissenschaft des Landes Nordrhein-Westfalen.<\/p><p><strong>Vertretungsberechtigte Personen:<\/strong><\/p><p>Wissenschaftliche Leitung: Prof. Dr. Dietrich Rebholz-Schuhmann<br \/>E-Mail: <a href=\"mailto:direktion@zbmed.de\">direktion@zbmed.de\u00a0<\/a><\/p><p><strong>Umsatzsteuer-Identifikationsnummer:<\/strong><br \/>DE123486783<\/p><p><strong>Zust\u00e4ndige Aufsichtsbeh\u00f6rde:<\/strong><\/p><p>Ministerium f\u00fcr Kultur und Wissenschaft \u2013 MKW NRW<br \/>des Landes Nordrhein-Westfalen<br \/>V\u00f6lklinger Stra\u00dfe 49<br \/>40221 D\u00fcsseldorf<\/p><p>Tel.: +49 (0)211 896-03 \/ -04<br \/>Fax: +49 (0)211 896-4555 und -3220<\/p><p><a href=\"https:\/\/www.mkw.nrw\/buergerkontakt\" target=\"_blank\" rel=\"noopener\">Kontaktformular<\/a><br \/><a href=\"https:\/\/www.mkw.nrw\/\" target=\"_blank\" rel=\"noopener\">Website<\/a><\/p><p><strong>Redaktionell Verantwortliche:<br \/><\/strong>Ulrike Ostrzinski (<a href=\"mailto:ostrzinski@zbmed.de\">ostrzinski@zbmed.de<\/a>)<\/p><p><strong>Das Impressum gilt auch f\u00fcr folgende Social-Media-Profile:<\/strong><\/p><p><a href=\"https:\/\/www.youtube.com\/@ZB_MED\" target=\"_blank\" rel=\"noopener\">YouTube<\/a><br \/><a href=\"https:\/\/www.linkedin.com\/company\/1595466\/admin\/feed\/posts\/\" target=\"_blank\" rel=\"noopener\">LikedIn<\/a><br \/><a href=\"https:\/\/www.instagram.com\/zb_med\/?hl=de\" target=\"_blank\" rel=\"noopener\">Instagram<\/a><br \/><a href=\"https:\/\/mastodon.social\/@ZBMED\" target=\"_blank\" rel=\"noopener\">Mastodon<\/a><br \/><a href=\"http:\/\/facebook.com\/zbmed.bibliothek\" target=\"_blank\" rel=\"noopener\">Facebook<\/a><br \/><a href=\"http:\/\/twitter.com\/ZB_MED\" target=\"_blank\" rel=\"noopener\">Twitter<\/a><br \/><a href=\"https:\/\/www.xing.com\/companies\/zbmed-informationszentrumlebenswissenschaften\" target=\"_blank\" rel=\"noopener\">Xing<\/a>\u00a0<br \/><a href=\"https:\/\/bsky.app\/profile\/zbmed.bsky.social\" target=\"_blank\" rel=\"noopener\">Bluesky<\/a><\/p>\t\t\t\t\t\t\t\t<\/div>\n\t\t\t\t<\/div>\n\t\t\t\t\t<\/div>\n\t\t\t\t<\/div>\n\t\t\t\t<\/div>","protected":false},"excerpt":{"rendered":"<p>Impressum Deutsche Zentralbibliothek f\u00fcr Medizin (ZB MED) \u2013 Informationszentrum Lebenswissenschaften Gleueler Stra\u00dfe 6050931 K\u00f6lnTel.: +49 (0)221 478-5685 (Infocenter)E-Mail: info@zbmed.de Stiftung des \u00f6ffentlichen RechtsGef\u00f6rdert durch das Ministerium f\u00fcr Kultur und Wissenschaft des Landes Nordrhein-Westfalen. Vertretungsberechtigte Personen: Wissenschaftliche Leitung: Prof. Dr. Dietrich Rebholz-SchuhmannE-Mail: direktion@zbmed.de\u00a0 Umsatzsteuer-Identifikationsnummer:DE123486783 Zust\u00e4ndige Aufsichtsbeh\u00f6rde: Ministerium f\u00fcr Kultur und Wissenschaft \u2013 MKW NRWdes Landes Nordrhein-WestfalenV\u00f6lklinger [&hellip;]<\/p>","protected":false},"author":1,"featured_media":0,"parent":0,"menu_order":0,"comment_status":"closed","ping_status":"closed","template":"","meta":{"_acf_changed":false,"site-sidebar-layout":"no-sidebar","site-content-layout":"page-builder","ast-site-content-layout":"full-width-container","site-content-style":"default","site-sidebar-style":"default","ast-global-header-display":"","ast-banner-title-visibility":"","ast-main-header-display":"","ast-hfb-above-header-display":"","ast-hfb-below-header-display":"","ast-hfb-mobile-header-display":"","site-post-title":"disabled","ast-breadcrumbs-content":"","ast-featured-img":"disabled","footer-sml-layout":"","ast-disable-related-posts":"","theme-transparent-header-meta":"","adv-header-id-meta":"","stick-header-meta":"","header-above-stick-meta":"","header-main-stick-meta":"","header-below-stick-meta":"","astra-migrate-meta-layouts":"set","ast-page-background-enabled":"default","ast-page-background-meta":{"desktop":{"background-color":"var(--ast-global-color-4)","background-image":"","background-repeat":"repeat","background-position":"center center","background-size":"auto","background-attachment":"scroll","background-type":"","background-media":"","overlay-type":"","overlay-color":"","overlay-opacity":"","overlay-gradient":""},"tablet":{"background-color":"","background-image":"","background-repeat":"repeat","background-position":"center center","background-size":"auto","background-attachment":"scroll","background-type":"","background-media":"","overlay-type":"","overlay-color":"","overlay-opacity":"","overlay-gradient":""},"mobile":{"background-color":"","background-image":"","background-repeat":"repeat","background-position":"center center","background-size":"auto","background-attachment":"scroll","background-type":"","background-media":"","overlay-type":"","overlay-color":"","overlay-opacity":"","overlay-gradient":""}},"ast-content-background-meta":{"desktop":{"background-color":"var(--ast-global-color-5)","background-image":"","background-repeat":"repeat","background-position":"center center","background-size":"auto","background-attachment":"scroll","background-type":"","background-media":"","overlay-type":"","overlay-color":"","overlay-opacity":"","overlay-gradient":""},"tablet":{"background-color":"var(--ast-global-color-5)","background-image":"","background-repeat":"repeat","background-position":"center center","background-size":"auto","background-attachment":"scroll","background-type":"","background-media":"","overlay-type":"","overlay-color":"","overlay-opacity":"","overlay-gradient":""},"mobile":{"background-color":"var(--ast-global-color-5)","background-image":"","background-repeat":"repeat","background-position":"center center","background-size":"auto","background-attachment":"scroll","background-type":"","background-media":"","overlay-type":"","overlay-color":"","overlay-opacity":"","overlay-gradient":""}},"footnotes":""},"class_list":["post-615","page","type-page","status-publish","hentry"],"acf":[],"yoast_head":"<!-- This site is optimized with the Yoast SEO plugin v26.8 - https:\/\/yoast.com\/product\/yoast-seo-wordpress\/ -->\n<title>Impressum - Der Fernzugriff von ZB MED<\/title>\n<meta name=\"robots\" content=\"index, follow, max-snippet:-1, max-image-preview:large, max-video-preview:-1\" \/>\n<link rel=\"canonical\" href=\"https:\/\/fernzugriff.zbmed.de\/en\/impressum\/\" \/>\n<meta property=\"og:locale\" content=\"en_US\" \/>\n<meta property=\"og:type\" content=\"article\" \/>\n<meta property=\"og:title\" content=\"Impressum - Der Fernzugriff von ZB MED\" \/>\n<meta property=\"og:description\" content=\"Impressum Deutsche Zentralbibliothek f\u00fcr Medizin (ZB MED) \u2013 Informationszentrum Lebenswissenschaften Gleueler Stra\u00dfe 6050931 K\u00f6lnTel.: +49 (0)221 478-5685 (Infocenter)E-Mail: info@zbmed.de Stiftung des \u00f6ffentlichen RechtsGef\u00f6rdert durch das Ministerium f\u00fcr Kultur und Wissenschaft des Landes Nordrhein-Westfalen. Vertretungsberechtigte Personen: Wissenschaftliche Leitung: Prof. Dr. Dietrich Rebholz-SchuhmannE-Mail: direktion@zbmed.de\u00a0 Umsatzsteuer-Identifikationsnummer:DE123486783 Zust\u00e4ndige Aufsichtsbeh\u00f6rde: Ministerium f\u00fcr Kultur und Wissenschaft \u2013 MKW NRWdes Landes Nordrhein-WestfalenV\u00f6lklinger [&hellip;]\" \/>\n<meta property=\"og:url\" content=\"https:\/\/fernzugriff.zbmed.de\/en\/impressum\/\" \/>\n<meta property=\"og:site_name\" content=\"Der Fernzugriff von ZB MED\" \/>\n<meta property=\"article:modified_time\" content=\"2025-02-04T13:03:26+00:00\" \/>\n<meta name=\"twitter:card\" content=\"summary_large_image\" \/>\n<meta name=\"twitter:label1\" content=\"Est. reading time\" \/>\n\t<meta name=\"twitter:data1\" content=\"1 minute\" \/>\n<script type=\"application\/ld+json\" class=\"yoast-schema-graph\">{\"@context\":\"https:\/\/schema.org\",\"@graph\":[{\"@type\":\"WebPage\",\"@id\":\"https:\/\/fernzugriff.zbmed.de\/impressum\/\",\"url\":\"https:\/\/fernzugriff.zbmed.de\/impressum\/\",\"name\":\"Impressum - Der Fernzugriff von ZB MED\",\"isPartOf\":{\"@id\":\"https:\/\/fernzugriff.zbmed.de\/#website\"},\"datePublished\":\"2023-12-05T10:38:10+00:00\",\"dateModified\":\"2025-02-04T13:03:26+00:00\",\"breadcrumb\":{\"@id\":\"https:\/\/fernzugriff.zbmed.de\/impressum\/#breadcrumb\"},\"inLanguage\":\"en-US\",\"potentialAction\":[{\"@type\":\"ReadAction\",\"target\":[\"https:\/\/fernzugriff.zbmed.de\/impressum\/\"]}]},{\"@type\":\"BreadcrumbList\",\"@id\":\"https:\/\/fernzugriff.zbmed.de\/impressum\/#breadcrumb\",\"itemListElement\":[{\"@type\":\"ListItem\",\"position\":1,\"name\":\"Startseite\",\"item\":\"https:\/\/fernzugriff.zbmed.de\/\"},{\"@type\":\"ListItem\",\"position\":2,\"name\":\"Impressum\"}]},{\"@type\":\"WebSite\",\"@id\":\"https:\/\/fernzugriff.zbmed.de\/#website\",\"url\":\"https:\/\/fernzugriff.zbmed.de\/\",\"name\":\"Der Fernzugriff von ZB MED\",\"description\":\"\",\"potentialAction\":[{\"@type\":\"SearchAction\",\"target\":{\"@type\":\"EntryPoint\",\"urlTemplate\":\"https:\/\/fernzugriff.zbmed.de\/?s={search_term_string}\"},\"query-input\":{\"@type\":\"PropertyValueSpecification\",\"valueRequired\":true,\"valueName\":\"search_term_string\"}}],\"inLanguage\":\"en-US\"}]}<\/script>\n<!-- \/ Yoast SEO plugin. -->","yoast_head_json":{"title":"Impressum - Der Fernzugriff von ZB MED","robots":{"index":"index","follow":"follow","max-snippet":"max-snippet:-1","max-image-preview":"max-image-preview:large","max-video-preview":"max-video-preview:-1"},"canonical":"https:\/\/fernzugriff.zbmed.de\/en\/impressum\/","og_locale":"en_US","og_type":"article","og_title":"Impressum - Der Fernzugriff von ZB MED","og_description":"Impressum Deutsche Zentralbibliothek f\u00fcr Medizin (ZB MED) \u2013 Informationszentrum Lebenswissenschaften Gleueler Stra\u00dfe 6050931 K\u00f6lnTel.: +49 (0)221 478-5685 (Infocenter)E-Mail: info@zbmed.de Stiftung des \u00f6ffentlichen RechtsGef\u00f6rdert durch das Ministerium f\u00fcr Kultur und Wissenschaft des Landes Nordrhein-Westfalen. Vertretungsberechtigte Personen: Wissenschaftliche Leitung: Prof. Dr. Dietrich Rebholz-SchuhmannE-Mail: direktion@zbmed.de\u00a0 Umsatzsteuer-Identifikationsnummer:DE123486783 Zust\u00e4ndige Aufsichtsbeh\u00f6rde: Ministerium f\u00fcr Kultur und Wissenschaft \u2013 MKW NRWdes Landes Nordrhein-WestfalenV\u00f6lklinger [&hellip;]","og_url":"https:\/\/fernzugriff.zbmed.de\/en\/impressum\/","og_site_name":"Der Fernzugriff von ZB MED","article_modified_time":"2025-02-04T13:03:26+00:00","twitter_card":"summary_large_image","twitter_misc":{"Est. reading time":"1 minute"},"schema":{"@context":"https:\/\/schema.org","@graph":[{"@type":"WebPage","@id":"https:\/\/fernzugriff.zbmed.de\/impressum\/","url":"https:\/\/fernzugriff.zbmed.de\/impressum\/","name":"Impressum - Der Fernzugriff von ZB MED","isPartOf":{"@id":"https:\/\/fernzugriff.zbmed.de\/#website"},"datePublished":"2023-12-05T10:38:10+00:00","dateModified":"2025-02-04T13:03:26+00:00","breadcrumb":{"@id":"https:\/\/fernzugriff.zbmed.de\/impressum\/#breadcrumb"},"inLanguage":"en-US","potentialAction":[{"@type":"ReadAction","target":["https:\/\/fernzugriff.zbmed.de\/impressum\/"]}]},{"@type":"BreadcrumbList","@id":"https:\/\/fernzugriff.zbmed.de\/impressum\/#breadcrumb","itemListElement":[{"@type":"ListItem","position":1,"name":"Startseite","item":"https:\/\/fernzugriff.zbmed.de\/"},{"@type":"ListItem","position":2,"name":"Impressum"}]},{"@type":"WebSite","@id":"https:\/\/fernzugriff.zbmed.de\/#website","url":"https:\/\/fernzugriff.zbmed.de\/","name":"The ZB MED remote access \u2013","description":"","potentialAction":[{"@type":"SearchAction","target":{"@type":"EntryPoint","urlTemplate":"https:\/\/fernzugriff.zbmed.de\/?s={search_term_string}"},"query-input":{"@type":"PropertyValueSpecification","valueRequired":true,"valueName":"search_term_string"}}],"inLanguage":"en-US"}]}},"_links":{"self":[{"href":"https:\/\/fernzugriff.zbmed.de\/en\/wp-json\/wp\/v2\/pages\/615","targetHints":{"allow":["GET"]}}],"collection":[{"href":"https:\/\/fernzugriff.zbmed.de\/en\/wp-json\/wp\/v2\/pages"}],"about":[{"href":"https:\/\/fernzugriff.zbmed.de\/en\/wp-json\/wp\/v2\/types\/page"}],"author":[{"embeddable":true,"href":"https:\/\/fernzugriff.zbmed.de\/en\/wp-json\/wp\/v2\/users\/1"}],"replies":[{"embeddable":true,"href":"https:\/\/fernzugriff.zbmed.de\/en\/wp-json\/wp\/v2\/comments?post=615"}],"version-history":[{"count":16,"href":"https:\/\/fernzugriff.zbmed.de\/en\/wp-json\/wp\/v2\/pages\/615\/revisions"}],"predecessor-version":[{"id":944,"href":"https:\/\/fernzugriff.zbmed.de\/en\/wp-json\/wp\/v2\/pages\/615\/revisions\/944"}],"wp:attachment":[{"href":"https:\/\/fernzugriff.zbmed.de\/en\/wp-json\/wp\/v2\/media?parent=615"}],"curies":[{"name":"wp","href":"https:\/\/api.w.org\/{rel}","templated":true}]}}